{"id":99,"date":"2020-07-02T14:59:45","date_gmt":"2020-07-02T12:59:45","guid":{"rendered":"https:\/\/consyd.de\/wp\/?page_id=99"},"modified":"2021-06-24T15:55:44","modified_gmt":"2021-06-24T13:55:44","slug":"realtime-und-embedded-systeme","status":"publish","type":"page","link":"https:\/\/consyd.de\/wp\/en\/realtime-und-embedded-systeme\/","title":{"rendered":"Realtime and embedded systems"},"content":{"rendered":"<p>Wir bring life into your systems. Already in the design of your systems we can help you with the selection of suitable Systems and Tools. Our many years of experience with various hardware and software architectures allows us to show various software solutions and weigh the pros and cons for your use. We port the operating system of your choice on the target system. If necessary, we also develop for your system required driver. Both with desktop operating systems as well as with key embedded variants (eg VxWorks, INtime, Windows CE, XP Embedded), we successfully realize projects for years.<\/p>\n\n\n\n<p><\/p>\n\n\n\n<p>Example: Airborne Geotracking System<\/p>\n\n\n\n<figure class=\"wp-block-image size-large\"><img loading=\"lazy\" decoding=\"async\" width=\"780\" height=\"410\" src=\"https:\/\/consyd.de\/wp\/wp-content\/uploads\/2020\/07\/realtime_collage.jpg\" alt=\"\" class=\"wp-image-100\" srcset=\"https:\/\/consyd.de\/wp\/wp-content\/uploads\/2020\/07\/realtime_collage.jpg 780w, https:\/\/consyd.de\/wp\/wp-content\/uploads\/2020\/07\/realtime_collage-300x158.jpg 300w, https:\/\/consyd.de\/wp\/wp-content\/uploads\/2020\/07\/realtime_collage-768x404.jpg 768w\" sizes=\"auto, (max-width: 780px) 100vw, 780px\" \/><figcaption>Example: Aircraft-based laser radar system with RGB \/ NIR sensing and GPS \/ IMU navigation system. Developed for the detection of 3D topology data. The processor core is based on working in parallel cPCI CPU`s under VxWorks.<\/figcaption><\/figure>\n\n\n\n<p>Aircraft supported Laser Radar System with RGB\/NIR recording and GPS \/ IMU navigation system. Developed for the recording of 3D Topology Data. The core is based on parallel working cPCI CPUs running with VxWorks.<\/p>\n\n\n\n<h4 class=\"wp-block-heading\">Realization of complex systems<\/h4>\n\n\n\n<p>Our many years of experience in many areas of technology, especially in the area of real-time applications, allows us to solve complex tasks. Particularly important here is the symbiosis of different technologies. Starting with the hardware design, the selection of appropriate components to create complex algorithms and Solving demanding real-time tasks to the HMI you get everything from one source. We provide our depth expertise available as well as our many years of experience in the implementation of embedded systems. Together with our competent partners we can offer the development and production of hardware modules completely.<\/p>\n\n\n\n<ul class=\"wp-block-list\"><li>Consulting, analysis, design of your system<\/li><li>Operating system port to your hardware (OSP)<\/li><li>Creation of drivers (device drivers, grafic drivers, fieldbus driver, network driver)<\/li><li>Network programming, communication: TCP\/IP, RPC, Soup, (embedded) web server<\/li><li>Application for measuring- and control technique<\/li><li>Operatingsystems: VxWorks, Windows, WinCE, Embedded NT, OnTime RTOS, (RT-)Linux<\/li><li>Specific application software<\/li><li>Support and maintanance<\/li><li>Training (In-house)<\/li><\/ul>\n\n\n\n<p>and many other things \u2026<\/p>\n\n\n\n<p>Example: Micro-Controller Measurement System with Evaluation Software<\/p>\n\n\n\n<figure class=\"wp-block-image size-large\"><img loading=\"lazy\" decoding=\"async\" width=\"1024\" height=\"669\" src=\"https:\/\/consyd.de\/wp\/wp-content\/uploads\/2020\/07\/mikrocontroller-1024x669.png\" alt=\"\" class=\"wp-image-101\" srcset=\"\" sizes=\"auto, (max-width: 1024px) 100vw, 1024px\" data-srcset=\"\" \/><figcaption>Visualization of a microcontroller based sensor via modbus interface (MC Firmware created with PIC24F32KA304)<\/figcaption><\/figure>","protected":false},"excerpt":{"rendered":"<p>Wir bringen Leben in Ihre Systeme. Bereits beim Design Ihrer geplanten Projekte unterst\u00fctzen wir Sie mit der Auswahl geeigneter Systeme und Tools. Unsere langj\u00e4hrige Erfahrung mit unterschiedlichsten Hardware- und Softwarearchitekturen erm\u00f6glicht es uns diverse Softwarel\u00f6sungen aufzuzeigen und f\u00fcr Ihren Einsatz abzuw\u00e4gen. Wir portieren das Betriebssystem Ihrer Wahl auf das Zielsystem und entwickeln daf\u00fcr bei Bedarf &#8230; <a title=\"Realtime and embedded systems\" class=\"read-more\" href=\"https:\/\/consyd.de\/wp\/en\/realtime-und-embedded-systeme\/\" aria-label=\"Read more about Realtime und embedded Systeme\">Read more<\/a><\/p>","protected":false},"author":1,"featured_media":0,"parent":0,"menu_order":0,"comment_status":"closed","ping_status":"closed","template":"","meta":{"footnotes":""},"class_list":["post-99","page","type-page","status-publish"],"_links":{"self":[{"href":"https:\/\/consyd.de\/wp\/en\/wp-json\/wp\/v2\/pages\/99","targetHints":{"allow":["GET"]}}],"collection":[{"href":"https:\/\/consyd.de\/wp\/en\/wp-json\/wp\/v2\/pages"}],"about":[{"href":"https:\/\/consyd.de\/wp\/en\/wp-json\/wp\/v2\/types\/page"}],"author":[{"embeddable":true,"href":"https:\/\/consyd.de\/wp\/en\/wp-json\/wp\/v2\/users\/1"}],"replies":[{"embeddable":true,"href":"https:\/\/consyd.de\/wp\/en\/wp-json\/wp\/v2\/comments?post=99"}],"version-history":[{"count":2,"href":"https:\/\/consyd.de\/wp\/en\/wp-json\/wp\/v2\/pages\/99\/revisions"}],"predecessor-version":[{"id":325,"href":"https:\/\/consyd.de\/wp\/en\/wp-json\/wp\/v2\/pages\/99\/revisions\/325"}],"wp:attachment":[{"href":"https:\/\/consyd.de\/wp\/en\/wp-json\/wp\/v2\/media?parent=99"}],"curies":[{"name":"wp","href":"https:\/\/api.w.org\/{rel}","templated":true}]}}